{"id":607,"date":"2024-12-19T05:49:27","date_gmt":"2024-12-19T05:49:27","guid":{"rendered":"https:\/\/mezcal1250shop.com\/?post_type=product&#038;p=607"},"modified":"2025-11-03T11:35:01","modified_gmt":"2025-11-03T11:35:01","slug":"mezcal-jabali-1250-750ml-artesanal-y-silvestre","status":"publish","type":"product","link":"https:\/\/mezcal1250shop.com\/en\/product\/mezcal-jabali-1250-750ml-artesanal-y-silvestre\/","title":{"rendered":"Jabali Mezcal 1250 \u2013 750ML (Artisanal &amp; Wild)"},"content":{"rendered":"<div class=\"flex-shrink-0 flex flex-col relative items-end\">\n<div>\n<div class=\"pt-0\">\n<div class=\"gizmo-bot-avatar flex h-8 w-8 items-center justify-center overflow-hidden rounded-full\">\n<h3 class=\"relative p-1 rounded-sm flex items-center justify-center bg-token-main-surface-primary text-token-text-primary h-8 w-8\">Acerca del Mezcal Jabal\u00ed<\/h3>\n<\/div>\n<\/div>\n<\/div>\n<\/div>\n<div class=\"group\/conversation-turn relative flex w-full min-w-0 flex-col agent-turn\">\n<div class=\"flex-col gap-1 md:gap-3\">\n<div class=\"flex max-w-full flex-col flex-grow\">\n<div class=\"min-h-8 text-message flex w-full flex-col items-end gap-2 whitespace-normal break-words text-start [.text-message+&amp;]:mt-5\" dir=\"auto\" data-message-author-role=\"assistant\" data-message-id=\"2afbb240-d10e-49e6-ae1f-fff1717039d3\" data-message-model-slug=\"gpt-4o\">\n<div class=\"flex w-full flex-col gap-1 empty:hidden first:pt-[3px]\">\n<div class=\"markdown prose w-full break-words dark:prose-invert light\">\n<p>Elaborado a partir del agave convallis, com\u00fanmente conocido como Jabal\u00ed (en espa\u00f1ol, &#8220;jabal\u00ed&#8221;), este mezcal es uno de los m\u00e1s raros y complejos en el mundo de los destilados artesanales. El agave Jabal\u00ed es de peque\u00f1o tama\u00f1o, con hojas gruesas y puntiagudas que forman una roseta \u00fanica. Debido a su largo per\u00edodo de maduraci\u00f3n (12\u201315 a\u00f1os) y los desaf\u00edos de su producci\u00f3n, el mezcal Jabal\u00ed es una experiencia verdaderamente premium.<\/p>\n<h3>Perfil de Sabor<\/h3>\n<p>El Mezcal 1250 Jabal\u00ed ofrece un sabor audaz y complejo con notas florales, afrutadas y herbales. Puedes esperar toques de c\u00edtricos, pino, ahumado y una mezcla \u00fanica de picante y mineralidad. Sus vibrantes sabores lo hacen ideal para disfrutar lentamente y apreciar cada capa.<\/p>\n<h3>Una Artesan\u00eda Silvestre y \u00danica<\/h3>\n<p>El agave Jabal\u00ed crece de forma silvestre en los terrenos escarpados de los Cerros de Coatecas Altas, Oaxaca, a altitudes de 1600\u20132000 metros. Su rareza y el intrincado proceso de producci\u00f3n hacen de este mezcal una elecci\u00f3n excepcional para coleccionistas y entusiastas.<\/p>\n<h3>Artesan\u00eda Tradicional<\/h3>\n<p>Producido utilizando m\u00e9todos tradicionales transmitidos a trav\u00e9s del tiempo:<\/p>\n<ul>\n<li><strong>Cocci\u00f3n:<\/strong> Asado en pozos c\u00f3nicos subterr\u00e1neos para obtener una rica esencia ahumada.<\/li>\n<li><strong>Molienda:<\/strong> Triturado con una rueda de piedra (tahona) para preservar su autenticidad.<\/li>\n<li><strong>Fermentaci\u00f3n:<\/strong> Fermentaci\u00f3n natural en tinas de madera de sabino.<\/li>\n<li><strong>Destilaci\u00f3n:<\/strong> Doble destilaci\u00f3n en alambiques de cobre o barro para lograr un sabor refinado y aut\u00e9ntico.<\/li>\n<\/ul>\n<h3>Caracter\u00edsticas Principales<\/h3>\n<ul>\n<li><strong>Clase:<\/strong> 100% Artesanal y Org\u00e1nico<\/li>\n<li><strong>Tipo de Maguey:<\/strong> Jabal\u00ed (Agave convallis)<\/li>\n<li><strong>Origen:<\/strong> Cerros de Coatecas Altas, Oaxaca<\/li>\n<li><strong>Maduraci\u00f3n:<\/strong> 12\u201315 a\u00f1os<\/li>\n<li><strong>Graduaci\u00f3n Alcoh\u00f3lica:<\/strong> 47%<\/li>\n<\/ul>\n<\/div>\n<\/div>\n<\/div>\n<\/div>\n<\/div>\n<\/div>\n","protected":false},"excerpt":{"rendered":"<p>Un mezcal raro y exquisito elaborado con agave silvestre Jabal\u00ed. Con audaces notas herbales, picantes y tropicales, el Mezcal 1250 Jabal\u00ed es un destilado premium para verdaderos conocedores.<\/p>","protected":false},"featured_media":45,"comment_status":"open","ping_status":"closed","template":"","meta":{"_uag_custom_page_level_css":""},"product_brand":[],"product_cat":[16],"product_tag":[],"class_list":{"0":"post-607","1":"product","2":"type-product","3":"status-publish","4":"has-post-thumbnail","6":"product_cat-licores-de-lujo","8":"first","9":"instock","10":"featured","11":"shipping-taxable","12":"purchasable","13":"product-type-simple"},"uagb_featured_image_src":{"full":["https:\/\/mezcal1250shop.com\/wp-content\/uploads\/2024\/12\/IMG-20241211-WA0012.jpg",1280,852,false],"thumbnail":["https:\/\/mezcal1250shop.com\/wp-content\/uploads\/2024\/12\/IMG-20241211-WA0012-150x150.jpg",150,150,true],"medium":["https:\/\/mezcal1250shop.com\/wp-content\/uploads\/2024\/12\/IMG-20241211-WA0012-300x200.jpg",300,200,true],"medium_large":["https:\/\/mezcal1250shop.com\/wp-content\/uploads\/2024\/12\/IMG-20241211-WA0012-768x511.jpg",768,511,true],"large":["https:\/\/mezcal1250shop.com\/wp-content\/uploads\/2024\/12\/IMG-20241211-WA0012-1024x682.jpg",1024,682,true],"1536x1536":["https:\/\/mezcal1250shop.com\/wp-content\/uploads\/2024\/12\/IMG-20241211-WA0012.jpg",1280,852,false],"2048x2048":["https:\/\/mezcal1250shop.com\/wp-content\/uploads\/2024\/12\/IMG-20241211-WA0012.jpg",1280,852,false],"trp-custom-language-flag":["https:\/\/mezcal1250shop.com\/wp-content\/uploads\/2024\/12\/IMG-20241211-WA0012.jpg",18,12,false],"woocommerce_archive_thumbnail":["https:\/\/mezcal1250shop.com\/wp-content\/uploads\/2024\/12\/IMG-20241211-WA0012-500x500.jpg",500,500,true],"woocommerce_thumbnail":["https:\/\/mezcal1250shop.com\/wp-content\/uploads\/2024\/12\/IMG-20241211-WA0012-300x300.jpg",300,300,true],"woocommerce_single":["https:\/\/mezcal1250shop.com\/wp-content\/uploads\/2024\/12\/IMG-20241211-WA0012-600x399.jpg",600,399,true],"woocommerce_gallery_thumbnail":["https:\/\/mezcal1250shop.com\/wp-content\/uploads\/2024\/12\/IMG-20241211-WA0012-90x90.jpg",90,90,true]},"uagb_author_info":{"display_name":"nabil aljayyousi","author_link":"https:\/\/mezcal1250shop.com\/en\/author\/"},"uagb_comment_info":10,"uagb_excerpt":"Un mezcal raro y exquisito elaborado con agave silvestre Jabal\u00ed. Con audaces notas herbales, picantes y tropicales, el Mezcal 1250 Jabal\u00ed es un destilado premium para verdaderos conocedores.","jetpack_sharing_enabled":true,"_links":{"self":[{"href":"https:\/\/mezcal1250shop.com\/en\/wp-json\/wp\/v2\/product\/607","targetHints":{"allow":["GET"]}}],"collection":[{"href":"https:\/\/mezcal1250shop.com\/en\/wp-json\/wp\/v2\/product"}],"about":[{"href":"https:\/\/mezcal1250shop.com\/en\/wp-json\/wp\/v2\/types\/product"}],"replies":[{"embeddable":true,"href":"https:\/\/mezcal1250shop.com\/en\/wp-json\/wp\/v2\/comments?post=607"}],"wp:featuredmedia":[{"embeddable":true,"href":"https:\/\/mezcal1250shop.com\/en\/wp-json\/wp\/v2\/media\/45"}],"wp:attachment":[{"href":"https:\/\/mezcal1250shop.com\/en\/wp-json\/wp\/v2\/media?parent=607"}],"wp:term":[{"taxonomy":"product_brand","embeddable":true,"href":"https:\/\/mezcal1250shop.com\/en\/wp-json\/wp\/v2\/product_brand?post=607"},{"taxonomy":"product_cat","embeddable":true,"href":"https:\/\/mezcal1250shop.com\/en\/wp-json\/wp\/v2\/product_cat?post=607"},{"taxonomy":"product_tag","embeddable":true,"href":"https:\/\/mezcal1250shop.com\/en\/wp-json\/wp\/v2\/product_tag?post=607"}],"curies":[{"name":"wp","href":"https:\/\/api.w.org\/{rel}","templated":true}]}}