{"id":606,"date":"2024-12-19T05:48:19","date_gmt":"2024-12-19T05:48:19","guid":{"rendered":"https:\/\/mezcal1250shop.com\/?post_type=product&#038;p=606"},"modified":"2025-11-03T11:35:21","modified_gmt":"2025-11-03T11:35:21","slug":"mezcal-tepeztate-1250-750ml-artesanal-raro","status":"publish","type":"product","link":"https:\/\/mezcal1250shop.com\/en\/product\/mezcal-tepeztate-1250-750ml-artesanal-raro\/","title":{"rendered":"Tepeztate Mezcal 1250\u2013750ML (Artisanal &amp; Rare)"},"content":{"rendered":"<h3>Acerca del Mezcal Tepeztate<\/h3>\n<p>Elaborado con Agave marmorata, el maguey Tepeztate es uno de los agaves m\u00e1s raros y codiciados de Oaxaca. Conocido por su perfil de sabor audaz, herbal y complejo, este mezcal es un favorito entre los conocedores. La rareza del Tepeztate radica en su largo per\u00edodo de maduraci\u00f3n\u2014de 20 a 35 a\u00f1os\u2014y su crecimiento en terrenos rocosos y de gran altitud, lo que lo hace excepcionalmente dif\u00edcil de cultivar.<\/p>\n<h3>Flavor Profile<\/h3>\n<p>El Mezcal 1250 Tepeztate es una sinfon\u00eda de notas herbales, terrosas y c\u00edtricas, con un toque ahumado al final. Su sabor ofrece matices de picante y mineralidad, creando una experiencia \u00fanica e inolvidable para quienes disfrutan de destilados audaces y refinados.<\/p>\n<h3>El Arte del Mezcal Tepeztate<\/h3>\n<p>Este mezcal es elaborado a mano utilizando m\u00e9todos tradicionales transmitidos de generaci\u00f3n en generaci\u00f3n:<\/p>\n<ul>\n<li><strong>Cooking:<\/strong> Los corazones de agave (pi\u00f1as) se asan en pozos c\u00f3nicos subterr\u00e1neos para infundir la esencia ahumada caracter\u00edstica.<\/li>\n<li><strong>Crushing:<\/strong> Triturado con una rueda de piedra (tahona) para una textura y sabor aut\u00e9nticos.<\/li>\n<li><strong>Fermentation:<\/strong> Fermentaci\u00f3n natural en tinas de madera de sabino, lo que permite que el verdadero car\u00e1cter del agave brille.<\/li>\n<li><strong>Distillation:<\/strong> Destilado en alambiques de cobre para un mezcal puro y de alta calidad.<\/li>\n<\/ul>\n<h3>Key Features<\/h3>\n<ul>\n<li><strong>Class:<\/strong> 100% Artisanal &amp; Organic<\/li>\n<li><strong>Agave Type:<\/strong> Tepeztate (Agave marmorata)<\/li>\n<li><strong>Origin:<\/strong> Cerros de Coatecas Altas, Oaxaca<\/li>\n<li><strong>Maturation:<\/strong> 20\u201335 a\u00f1os<\/li>\n<li><strong>Alcohol Content:<\/strong> 44%<\/li>\n<\/ul>","protected":false},"excerpt":{"rendered":"<p>Elaborado con el raro agave Tepeztate, el Mezcal 1250 ofrece un sabor herbal audaz y complejo. Artesanal y org\u00e1nico, este mezcal es una verdadera joya para los aficionados que buscan autenticidad y excelencia.<\/p>","protected":false},"featured_media":48,"comment_status":"open","ping_status":"closed","template":"","meta":{"_uag_custom_page_level_css":""},"product_brand":[],"product_cat":[16],"product_tag":[],"class_list":{"0":"post-606","1":"product","2":"type-product","3":"status-publish","4":"has-post-thumbnail","6":"product_cat-licores-de-lujo","8":"first","9":"instock","10":"featured","11":"shipping-taxable","12":"purchasable","13":"product-type-simple"},"uagb_featured_image_src":{"full":["https:\/\/mezcal1250shop.com\/wp-content\/uploads\/2024\/12\/IMG-20241211-WA0018.jpg",1280,852,false],"thumbnail":["https:\/\/mezcal1250shop.com\/wp-content\/uploads\/2024\/12\/IMG-20241211-WA0018-150x150.jpg",150,150,true],"medium":["https:\/\/mezcal1250shop.com\/wp-content\/uploads\/2024\/12\/IMG-20241211-WA0018-300x200.jpg",300,200,true],"medium_large":["https:\/\/mezcal1250shop.com\/wp-content\/uploads\/2024\/12\/IMG-20241211-WA0018-768x511.jpg",768,511,true],"large":["https:\/\/mezcal1250shop.com\/wp-content\/uploads\/2024\/12\/IMG-20241211-WA0018-1024x682.jpg",1024,682,true],"1536x1536":["https:\/\/mezcal1250shop.com\/wp-content\/uploads\/2024\/12\/IMG-20241211-WA0018.jpg",1280,852,false],"2048x2048":["https:\/\/mezcal1250shop.com\/wp-content\/uploads\/2024\/12\/IMG-20241211-WA0018.jpg",1280,852,false],"trp-custom-language-flag":["https:\/\/mezcal1250shop.com\/wp-content\/uploads\/2024\/12\/IMG-20241211-WA0018.jpg",18,12,false],"woocommerce_archive_thumbnail":["https:\/\/mezcal1250shop.com\/wp-content\/uploads\/2024\/12\/IMG-20241211-WA0018-500x500.jpg",500,500,true],"woocommerce_thumbnail":["https:\/\/mezcal1250shop.com\/wp-content\/uploads\/2024\/12\/IMG-20241211-WA0018-300x300.jpg",300,300,true],"woocommerce_single":["https:\/\/mezcal1250shop.com\/wp-content\/uploads\/2024\/12\/IMG-20241211-WA0018-600x399.jpg",600,399,true],"woocommerce_gallery_thumbnail":["https:\/\/mezcal1250shop.com\/wp-content\/uploads\/2024\/12\/IMG-20241211-WA0018-90x90.jpg",90,90,true]},"uagb_author_info":{"display_name":"nabil aljayyousi","author_link":"https:\/\/mezcal1250shop.com\/en\/author\/"},"uagb_comment_info":1,"uagb_excerpt":"Elaborado con el raro agave Tepeztate, el Mezcal 1250 ofrece un sabor herbal audaz y complejo. Artesanal y org\u00e1nico, este mezcal es una verdadera joya para los aficionados que buscan autenticidad y excelencia.","jetpack_sharing_enabled":true,"_links":{"self":[{"href":"https:\/\/mezcal1250shop.com\/en\/wp-json\/wp\/v2\/product\/606","targetHints":{"allow":["GET"]}}],"collection":[{"href":"https:\/\/mezcal1250shop.com\/en\/wp-json\/wp\/v2\/product"}],"about":[{"href":"https:\/\/mezcal1250shop.com\/en\/wp-json\/wp\/v2\/types\/product"}],"replies":[{"embeddable":true,"href":"https:\/\/mezcal1250shop.com\/en\/wp-json\/wp\/v2\/comments?post=606"}],"wp:featuredmedia":[{"embeddable":true,"href":"https:\/\/mezcal1250shop.com\/en\/wp-json\/wp\/v2\/media\/48"}],"wp:attachment":[{"href":"https:\/\/mezcal1250shop.com\/en\/wp-json\/wp\/v2\/media?parent=606"}],"wp:term":[{"taxonomy":"product_brand","embeddable":true,"href":"https:\/\/mezcal1250shop.com\/en\/wp-json\/wp\/v2\/product_brand?post=606"},{"taxonomy":"product_cat","embeddable":true,"href":"https:\/\/mezcal1250shop.com\/en\/wp-json\/wp\/v2\/product_cat?post=606"},{"taxonomy":"product_tag","embeddable":true,"href":"https:\/\/mezcal1250shop.com\/en\/wp-json\/wp\/v2\/product_tag?post=606"}],"curies":[{"name":"wp","href":"https:\/\/api.w.org\/{rel}","templated":true}]}}