{"id":28,"date":"2024-12-11T23:56:16","date_gmt":"2024-12-11T23:56:16","guid":{"rendered":"https:\/\/mezcal1250shop.com\/our-story\/"},"modified":"2024-12-17T05:11:28","modified_gmt":"2024-12-17T05:11:28","slug":"legado-ancestral","status":"publish","type":"page","link":"https:\/\/mezcal1250shop.com\/en\/legado-ancestral\/","title":{"rendered":"Heritage &amp; Tradition"},"content":{"rendered":"<div class=\"wp-block-stackable-columns alignfull stk-block-columns stk-block stk-7a583b3 stk-block-background stk--has-background-overlay\" data-block-id=\"7a583b3\"><style>.stk-7a583b3 {background-image:url(https:\/\/mezcal1250shop.com\/wp-content\/uploads\/2024\/12\/IMG-20241209-WA0028.jpg) !important;background-position:center center !important;padding-top:200px !important;padding-bottom:200px !important;}.stk-7a583b3:before{background-color:#000000 !important;opacity:0.5 !important;}.stk-7a583b3-column{--stk-column-gap:64px !important;}<\/style><div class=\"stk-row stk-inner-blocks stk-block-content stk-content-align stk-7a583b3-column\">\n<div class=\"wp-block-stackable-column stk-block-column stk-column stk-block stk-4495537\" data-v=\"4\" data-block-id=\"4495537\"><style>.stk-4495537 {align-self:center !important;}<\/style><div class=\"stk-column-wrapper stk-block-column__content stk-container stk-4495537-container stk--no-background stk--no-padding\"><div class=\"stk-block-content stk-inner-blocks stk-4495537-inner-blocks\">\n<div class=\"wp-block-stackable-heading stk-block-heading stk-block-heading--v2 stk-block stk-b025f12 animated fadeIn\" id=\"mezcal-artesanal-de-oaxaca-legado-tradicion-y-autentico-sabor\" data-block-id=\"b025f12\"><style>.stk-b025f12 {padding-right:200px !important;padding-left:200px !important;margin-bottom:0px !important;}.stk-b025f12 .stk-block-heading__text{font-size:60px !important;color:var(--theme-palette-color-2, #f8f1e9) !important;}@media screen and (max-width:999px){.stk-b025f12 .stk-block-heading__text{font-size:50px !important;}}@media screen and (max-width:689px){.stk-b025f12 {padding-top:0px !important;padding-right:0px !important;padding-bottom:0px !important;padding-left:0px !important;margin-top:70px !important;}.stk-b025f12 .stk-block-heading__text{font-size:40px !important;}}<\/style><h1 class=\"stk-block-heading__text has-text-color has-text-align-center\">Artisanal Mezcal from Oaxaca: Tradition, Heritage, and Authentic Flavor<\/h1><\/div>\n<\/div><\/div><\/div>\n<\/div><\/div>\n\n\n\n<div class=\"wp-block-stackable-columns alignfull stk-block-columns stk-block stk-298b7ba\" data-block-id=\"298b7ba\"><div class=\"stk-row stk-inner-blocks stk-block-content stk-content-align stk-298b7ba-column\">\n<div class=\"wp-block-stackable-column stk-block-column stk-column stk-block stk-cc9e29e\" data-v=\"4\" data-block-id=\"cc9e29e\"><style>.stk-cc9e29e {align-self:flex-start !important;}<\/style><div class=\"stk-column-wrapper stk-block-column__content stk-container stk-cc9e29e-container stk--no-background stk--no-padding\"><div class=\"stk-block-content stk-inner-blocks stk-cc9e29e-inner-blocks\">\n<div class=\"wp-block-stackable-heading stk-block-heading stk-block-heading--v2 stk-block stk-6b89100 animated fadeInUp\" id=\"el-corazon-de-oaxaca-en-cada-botella\" data-block-id=\"6b89100\"><h2 class=\"stk-block-heading__text has-text-align-center\">The Heart of Oaxaca in Every Bottle<\/h2><\/div>\n\n\n\n<div class=\"wp-block-stackable-text stk-block-text stk-block stk-c66f08d animated fadeInUp\" data-block-id=\"c66f08d\"><style>.stk-c66f08d .stk-block-text__text{color:var(--theme-palette-color-4, #8b0000) !important;}<\/style><p class=\"stk-block-text__text has-text-color has-text-align-center\">Mezcal 1250 is more than a drink\u2014it\u2019s a celebration of Oaxaca\u2019s heritage and the art of mezcal-making. Our name pays homage to the year 1250, a time when Zapotec culture flourished in Tlacolula de Matamoros, the birthplace of our mezcal. With every bottle, we bring the spirit of Oaxaca to life, blending tradition, passion, and authenticity.<\/p><\/div>\n\n\n\n<div class=\"wp-block-stackable-image stk-block-image stk-block stk-2f6aeb0 animated fadeInUp\" data-block-id=\"2f6aeb0\"><style>.stk-2f6aeb0 .stk-img-wrapper{width:100% !important;}.stk-2f6aeb0 .stk-img-wrapper img{border-radius:8px !important;}<\/style><figure><span class=\"stk-img-wrapper stk-image--shape-stretch\"><img loading=\"lazy\" decoding=\"async\" class=\"stk-img wp-image-157\" src=\"https:\/\/mezcal1250shop.com\/wp-content\/uploads\/2024\/12\/maguey-espadin.jpg\" width=\"506\" height=\"227\" srcset=\"https:\/\/mezcal1250shop.com\/wp-content\/uploads\/2024\/12\/maguey-espadin.jpg 506w, https:\/\/mezcal1250shop.com\/wp-content\/uploads\/2024\/12\/maguey-espadin-300x135.jpg 300w\" sizes=\"auto, (max-width: 506px) 100vw, 506px\" \/><\/span><\/figure><\/div>\n\n\n\n<div class=\"wp-block-stackable-subtitle stk-block-subtitle stk-block stk-195cd4f animated fadeInUp\" data-block-id=\"195cd4f\"><style>.stk-195cd4f {margin-bottom:0px !important;}.stk-195cd4f .stk-block-subtitle__text{font-size:20px !important;color:var(--theme-palette-color-4, #8b0000) !important;}@media screen and (max-width:999px){.stk-195cd4f .stk-block-subtitle__text{font-size:20px !important;}}<\/style><p class=\"stk-block-subtitle__text stk-subtitle has-text-color has-text-align-center\"><strong>Celebrating Culture, Supporting Communities<\/strong><\/p><\/div>\n\n\n\n<div class=\"wp-block-stackable-text stk-block-text stk-block stk-ec3bc45 animated fadeInUp\" data-block-id=\"ec3bc45\"><style>.stk-ec3bc45 .stk-block-text__text{color:var(--theme-palette-color-4, #8b0000) !important;}<\/style><p class=\"stk-block-text__text has-text-color has-text-align-center\">At Mezcal 1250, we believe in preserving Oaxaca\u2019s heritage while empowering local communities. By collaborating with local campesinos and mezcaleros, we ensure that every bottle supports sustainable practices and provides meaningful work for our people. We take pride in sharing not just a mezcal, but a story that honors the land and its people.<\/p><\/div>\n\n\n\n<div class=\"wp-block-stackable-image stk-block-image stk-block stk-56d48fd animated fadeInUp\" data-block-id=\"56d48fd\"><style>.stk-56d48fd .stk-img-wrapper img{border-radius:8px !important;}<\/style><figure><span class=\"stk-img-wrapper stk-image--shape-stretch\"><img loading=\"lazy\" decoding=\"async\" class=\"stk-img wp-image-348\" src=\"https:\/\/mezcal1250shop.com\/wp-content\/uploads\/2024\/12\/pexels-photo-10039937-10039937-scaled.jpg\" width=\"2560\" height=\"1708\" alt=\"A close-up view of an agave plant being harvested in a rural Mexican field.\" srcset=\"https:\/\/mezcal1250shop.com\/wp-content\/uploads\/2024\/12\/pexels-photo-10039937-10039937-scaled.jpg 2560w, https:\/\/mezcal1250shop.com\/wp-content\/uploads\/2024\/12\/pexels-photo-10039937-10039937-scaled-600x400.jpg 600w, https:\/\/mezcal1250shop.com\/wp-content\/uploads\/2024\/12\/pexels-photo-10039937-10039937-300x200.jpg 300w, https:\/\/mezcal1250shop.com\/wp-content\/uploads\/2024\/12\/pexels-photo-10039937-10039937-1024x683.jpg 1024w, https:\/\/mezcal1250shop.com\/wp-content\/uploads\/2024\/12\/pexels-photo-10039937-10039937-768x512.jpg 768w, https:\/\/mezcal1250shop.com\/wp-content\/uploads\/2024\/12\/pexels-photo-10039937-10039937-1536x1025.jpg 1536w, https:\/\/mezcal1250shop.com\/wp-content\/uploads\/2024\/12\/pexels-photo-10039937-10039937-2048x1366.jpg 2048w\" sizes=\"auto, (max-width: 2560px) 100vw, 2560px\" \/><\/span><\/figure><\/div>\n<\/div><\/div><\/div>\n\n\n\n<div class=\"wp-block-stackable-column stk-block-column stk-column stk-block stk-245bc06\" data-v=\"4\" data-block-id=\"245bc06\"><div class=\"stk-column-wrapper stk-block-column__content stk-container stk-245bc06-container stk--no-background stk--no-padding\"><div class=\"stk-block-content stk-inner-blocks stk-245bc06-inner-blocks\">\n<div class=\"wp-block-stackable-columns stk-block-columns stk-block stk-b443a90\" data-block-id=\"b443a90\"><div class=\"stk-row stk-inner-blocks stk-block-content stk-content-align stk-b443a90-column\">\n<div class=\"wp-block-stackable-column stk-block-column stk-column stk-block stk-f19843e\" data-v=\"4\" data-block-id=\"f19843e\"><div class=\"stk-column-wrapper stk-block-column__content stk-container stk-f19843e-container stk--no-background stk--no-padding\"><div class=\"stk-block-content stk-inner-blocks stk-f19843e-inner-blocks\">\n<div class=\"wp-block-stackable-image stk-block-image stk-block stk-8a244a2 animated fadeInUp\" data-block-id=\"8a244a2\"><style>.stk-8a244a2 .stk-img-wrapper{width:54% !important;}.stk-8a244a2 .stk-img-wrapper img{border-radius:8px !important;}<\/style><figure><span class=\"stk-img-wrapper stk-image--shape-stretch\"><img loading=\"lazy\" decoding=\"async\" class=\"stk-img wp-image-158\" src=\"https:\/\/mezcal1250shop.com\/wp-content\/uploads\/2024\/12\/maguey-jabali.jpg\" width=\"280\" height=\"299\"\/><\/span><\/figure><\/div>\n\n\n\n<div class=\"wp-block-stackable-subtitle stk-block-subtitle stk-block stk-7ed907e animated fadeInUp\" id=\"rooted-in-the-rich-lands-of-oaxaca\" data-block-id=\"7ed907e\"><style>.stk-7ed907e {margin-bottom:0px !important;}.stk-7ed907e .stk-block-subtitle__text{font-size:20px !important;color:var(--theme-palette-color-4, #8b0000) !important;}@media screen and (max-width:999px){.stk-7ed907e .stk-block-subtitle__text{font-size:20px !important;}}<\/style><p class=\"stk-block-subtitle__text stk-subtitle has-text-color has-text-align-center\"><strong>Rooted in the Rich Lands of Oaxaca<\/strong><\/p><\/div>\n\n\n\n<div class=\"wp-block-stackable-text stk-block-text stk-block stk-781df87 animated fadeInUp\" data-block-id=\"781df87\"><style>.stk-781df87 .stk-block-text__text{color:var(--theme-palette-color-4, #8b0000) !important;}<\/style><p class=\"stk-block-text__text has-text-color has-text-align-center\">Our mezcal is crafted in Tlacolula de Matamoros, a place known for its fertile lands and abundant maguey. These wild agave plants grow in challenging terrains, nurtured by nature and harvested by the skilled hands of local campesinos.<\/p><\/div>\n\n\n\n<div class=\"wp-block-stackable-image stk-block-image stk-block stk-57c6fa0 animated fadeInUp\" data-block-id=\"57c6fa0\"><style>.stk-57c6fa0 .stk-img-wrapper{aspect-ratio:1\/1 !important;width:60% !important;height:auto !important;}.stk-57c6fa0 .stk-img-wrapper img{border-radius:8px !important;}@media screen and (max-width:999px){.stk-57c6fa0 .stk-img-wrapper{height:auto !important;}}@media screen and (max-width:689px){.stk-57c6fa0 .stk-img-wrapper{height:auto !important;}}<\/style><figure><span class=\"stk-img-wrapper stk-image--shape-stretch\"><img loading=\"lazy\" decoding=\"async\" class=\"stk-img wp-image-159\" src=\"https:\/\/mezcal1250shop.com\/wp-content\/uploads\/2024\/12\/maguey-tepeztate.jpg\" width=\"399\" height=\"302\" srcset=\"https:\/\/mezcal1250shop.com\/wp-content\/uploads\/2024\/12\/maguey-tepeztate.jpg 399w, https:\/\/mezcal1250shop.com\/wp-content\/uploads\/2024\/12\/maguey-tepeztate-300x227.jpg 300w\" sizes=\"auto, (max-width: 399px) 100vw, 399px\" \/><\/span><\/figure><\/div>\n\n\n\n<div class=\"wp-block-stackable-subtitle stk-block-subtitle stk-block stk-c70fb2a animated fadeInUp\" data-block-id=\"c70fb2a\"><style>.stk-c70fb2a {margin-bottom:0px !important;}.stk-c70fb2a .stk-block-subtitle__text{font-size:20px !important;color:var(--theme-palette-color-4, #8b0000) !important;}@media screen and (max-width:999px){.stk-c70fb2a .stk-block-subtitle__text{font-size:20px !important;}}<\/style><p class=\"stk-block-subtitle__text stk-subtitle has-text-color has-text-align-center\"><strong>Crafted with Care, Honoring Tradition<\/strong><\/p><\/div>\n\n\n\n<div class=\"wp-block-stackable-text stk-block-text stk-block stk-0002ed7 animated fadeInUp\" data-block-id=\"0002ed7\"><style>.stk-0002ed7 .stk-block-text__text{color:var(--theme-palette-color-4, #8b0000) !important;}<\/style><p class=\"stk-block-text__text has-text-color has-text-align-center\">We preserve ancestral techniques in every step of the process. From roasting agave hearts in underground pits to crushing them with a tahona stone wheel, fermenting naturally in wooden vats, and distilling in copper stills, Mezcal 1250 is a true artisanal product. Every detail, from the wild agave selection to the elegant bottle design, reflects our commitment to quality and tradition.<\/p><\/div>\n<\/div><\/div><\/div>\n<\/div><\/div>\n<\/div><\/div><\/div>\n<\/div><\/div>\n\n\n\n<div class=\"wp-block-stackable-call-to-action alignfull stk-block-call-to-action stk-block stk-28b8c4d is-style-default animated fadeInUp\" data-v=\"2\" data-block-id=\"28b8c4d\"><style>.stk-28b8c4d {margin-bottom:61px !important;}.stk-28b8c4d-container{background-color:var(--theme-palette-color-3, #000000) !important;background-image:url(https:\/\/mezcal1250shop.com\/wp-content\/uploads\/2024\/12\/2-scaled.jpg) !important;}.stk-28b8c4d-container:before{background-color:var(--theme-palette-color-3, #000000) !important;opacity:0.7 !important;}.stk-28b8c4d .stk-block-call-to-action__content{padding-top:108px !important;padding-bottom:108px !important;}<\/style><div class=\"stk-block-call-to-action__content stk-content-align stk-28b8c4d-column stk-container stk-28b8c4d-container stk-hover-parent stk--has-background-overlay\"><div class=\"has-text-align-center stk-block-content stk-inner-blocks stk-28b8c4d-inner-blocks\">\n<div class=\"wp-block-stackable-heading stk-block-heading stk-block-heading--v2 stk-block stk-544b340 animated fadeInUp\" id=\"cada-sorbo-cuenta-una-historia-de-oaxaca\" data-block-id=\"544b340\"><style>.stk-544b340 {margin-bottom:0px !important;}.stk-544b340 .stk-block-heading__text{color:var(--theme-palette-color-2, #f8f1e9) !important;}<\/style><h2 class=\"stk-block-heading__text has-text-color\">Every sip tells a story of Oaxaca<\/h2><\/div>\n\n\n\n<div class=\"wp-block-stackable-text stk-block-text stk-block stk-3ba026d animated fadeInUp\" data-block-id=\"3ba026d\"><style>.stk-3ba026d {margin-bottom:10px !important;}.stk-3ba026d .stk-block-text__text{color:var(--theme-palette-color-2, #f8f1e9) !important;}<\/style><p class=\"stk-block-text__text has-text-color\">Discover our collection and bring a piece of this rich heritage to your table<\/p><\/div>\n\n\n\n<div class=\"wp-block-stackable-button-group stk-block-button-group stk-block stk-857671a animated fadeInUp\" data-block-id=\"857671a\"><style>.stk-857671a .stk-button-group{flex-direction:row !important;}.stk-857671a {margin-bottom:10px !important;}@media screen and (max-width:999px){.stk-857671a .stk-button-group{flex-direction:row !important;}}@media screen and (max-width:689px){.stk-857671a .stk-button-group{flex-direction:row !important;}}<\/style><div class=\"stk-row stk-inner-blocks stk-block-content stk-button-group\">\n<div class=\"wp-block-stackable-button stk-block-button stk-block stk-7cf4166\" data-block-id=\"7cf4166\"><style>.stk-7cf4166 .stk-button{background:var(--theme-palette-color-4, #8b0000) !important;}.stk-7cf4166 .stk-button:hover:after{background:var(--theme-palette-color-4, #8b0000) !important;opacity:1 !important;}<\/style><a class=\"stk-link stk-button stk--hover-effect-darken\" href=\"https:\/\/mezcal1250shop.com\/en\/tienda\/\"><span class=\"stk-button__inner-text\">Explore Our Mezcals<\/span><\/a><\/div>\n<\/div><\/div>\n<\/div><\/div><\/div>","protected":false},"excerpt":{"rendered":"<p>Mezcal Artesanal de Oaxaca: Legado, Tradici\u00f3n y Aut\u00e9ntico Sabor El Coraz\u00f3n de Oaxaca en cada Botella Mezcal 1250 es m\u00e1s que una bebida: es una celebraci\u00f3n del legado de Oaxaca y del arte de hacer mezcal. Nuestro nombre rinde homenaje al a\u00f1o 1250, una \u00e9poca en la que la cultura zapoteca floreci\u00f3 en Tlacolula de [&hellip;]<\/p>\n","protected":false},"author":1,"featured_media":0,"parent":0,"menu_order":0,"comment_status":"closed","ping_status":"closed","template":"","meta":{"_uag_custom_page_level_css":"","footnotes":""},"class_list":["post-28","page","type-page","status-publish","hentry"],"blocksy_meta":{"has_hero_section":"disabled","styles_descriptor":{"styles":{"desktop":"","tablet":"","mobile":""},"google_fonts":[],"version":6},"vertical_spacing_source":"custom","content_area_spacing":"none"},"uagb_featured_image_src":{"full":false,"thumbnail":false,"medium":false,"medium_large":false,"large":false,"1536x1536":false,"2048x2048":false,"trp-custom-language-flag":false,"woocommerce_archive_thumbnail":false,"woocommerce_thumbnail":false,"woocommerce_single":false,"woocommerce_gallery_thumbnail":false},"uagb_author_info":{"display_name":"nabil aljayyousi","author_link":"https:\/\/mezcal1250shop.com\/en\/author\/mezcal1250shopgmail-com\/"},"uagb_comment_info":0,"uagb_excerpt":"Mezcal Artesanal de Oaxaca: Legado, Tradici\u00f3n y Aut\u00e9ntico Sabor El Coraz\u00f3n de Oaxaca en cada Botella Mezcal 1250 es m\u00e1s que una bebida: es una celebraci\u00f3n del legado de Oaxaca y del arte de hacer mezcal. Nuestro nombre rinde homenaje al a\u00f1o 1250, una \u00e9poca en la que la cultura zapoteca floreci\u00f3 en Tlacolula de&hellip;","jetpack_sharing_enabled":true,"_links":{"self":[{"href":"https:\/\/mezcal1250shop.com\/en\/wp-json\/wp\/v2\/pages\/28","targetHints":{"allow":["GET"]}}],"collection":[{"href":"https:\/\/mezcal1250shop.com\/en\/wp-json\/wp\/v2\/pages"}],"about":[{"href":"https:\/\/mezcal1250shop.com\/en\/wp-json\/wp\/v2\/types\/page"}],"author":[{"embeddable":true,"href":"https:\/\/mezcal1250shop.com\/en\/wp-json\/wp\/v2\/users\/1"}],"replies":[{"embeddable":true,"href":"https:\/\/mezcal1250shop.com\/en\/wp-json\/wp\/v2\/comments?post=28"}],"version-history":[{"count":82,"href":"https:\/\/mezcal1250shop.com\/en\/wp-json\/wp\/v2\/pages\/28\/revisions"}],"predecessor-version":[{"id":571,"href":"https:\/\/mezcal1250shop.com\/en\/wp-json\/wp\/v2\/pages\/28\/revisions\/571"}],"wp:attachment":[{"href":"https:\/\/mezcal1250shop.com\/en\/wp-json\/wp\/v2\/media?parent=28"}],"curies":[{"name":"wp","href":"https:\/\/api.w.org\/{rel}","templated":true}]}}