{"id":27,"date":"2024-12-11T23:56:16","date_gmt":"2024-12-11T23:56:16","guid":{"rendered":"https:\/\/mezcal1250shop.com\/contact\/"},"modified":"2024-12-17T05:35:42","modified_gmt":"2024-12-17T05:35:42","slug":"contacto","status":"publish","type":"page","link":"https:\/\/mezcal1250shop.com\/en\/contacto\/","title":{"rendered":"Contact"},"content":{"rendered":"\n<div class=\"wp-block-stackable-columns alignfull stk-block-columns stk-block stk-e97a5d5 stk-block-background stk--has-background-overlay\" data-block-id=\"e97a5d5\"><style>.stk-e97a5d5 {background-image:url(https:\/\/mezcal1250shop.com\/wp-content\/uploads\/2024\/12\/cuish1.jpg) !important;background-attachment:fixed !important;padding-top:134px !important;padding-right:134px !important;padding-bottom:134px !important;padding-left:134px !important;}.stk-e97a5d5:before{background-color:#000000 !important;opacity:0.4 !important;}@media screen and (max-width:689px){.stk-e97a5d5 {background-image:url(https:\/\/mezcal1250shop.com\/wp-content\/uploads\/2024\/12\/historia-YD06xGeKVJflvnPD.jpg) !important;background-position:center center !important;background-size:cover !important;padding-top:0px !important;padding-right:0px !important;padding-bottom:0px !important;padding-left:0px !important;}.stk-e97a5d5-column{--stk-column-gap:64px !important;}}<\/style><div class=\"stk-row stk-inner-blocks stk-block-content stk-content-align stk-e97a5d5-column\">\n<div class=\"wp-block-stackable-column stk-block-column stk-column stk-block stk-f4e5d6e\" data-v=\"4\" data-block-id=\"f4e5d6e\"><style>@media screen and (max-width:689px){.stk-f4e5d6e {padding-top:0px !important;padding-right:0px !important;padding-bottom:0px !important;padding-left:0px !important;}}<\/style><div class=\"stk-column-wrapper stk-block-column__content stk-container stk-f4e5d6e-container stk--no-background stk--no-padding\"><div class=\"stk-block-content stk-inner-blocks stk-f4e5d6e-inner-blocks\">\n<div class=\"wp-block-stackable-heading stk-block-heading stk-block-heading--v2 stk-block stk-61d4b90 animated fadeIn\" id=\"contacta-a-mezcal-1250-preguntas-pedidos-y-consultas\" data-block-id=\"61d4b90\"><style>.stk-61d4b90 {padding-top:80px !important;padding-right:182px !important;padding-bottom:80px !important;padding-left:182px !important;}.stk-61d4b90 .stk-block-heading__text{font-size:50px !important;color:var(--theme-palette-color-2, #f8f1e9) !important;}@media screen and (max-width:999px){.stk-61d4b90 .stk-block-heading__text{font-size:50px !important;}}@media screen and (max-width:689px){.stk-61d4b90 {min-height:714px !important;align-items:center !important;padding-top:17px !important;padding-right:17px !important;padding-bottom:17px !important;padding-left:17px !important;margin-top:70px !important;display:flex !important;}.stk-61d4b90 .stk-block-heading__text{font-size:40px !important;}}<\/style><h1 class=\"stk-block-heading__text has-text-color has-text-align-center\">Contacta a Mezcal 1250: Preguntas, Pedidos y Consultas<\/h1><\/div>\n<\/div><\/div><\/div>\n<\/div><\/div>\n\n\n\n<div class=\"wp-block-stackable-columns alignfull stk-block-columns stk-block stk-80806e8\" data-block-id=\"80806e8\"><style>.stk-80806e8 {margin-bottom:0px !important;}<\/style><div class=\"stk-row stk-inner-blocks stk-block-content stk-content-align stk-80806e8-column\">\n<div class=\"wp-block-stackable-column stk-block-column stk-column stk-block stk-2c086f0\" data-v=\"4\" data-block-id=\"2c086f0\"><div class=\"stk-column-wrapper stk-block-column__content stk-container stk-2c086f0-container stk--no-background stk--no-padding\"><div class=\"stk-block-content stk-inner-blocks stk-2c086f0-inner-blocks\">\n<div class=\"wp-block-stackable-heading stk-block-heading stk-block-heading--v2 stk-block stk-c1c9b31 animated fadeInUp\" id=\"contactanos\" data-block-id=\"c1c9b31\"><h2 class=\"stk-block-heading__text has-text-align-center\">Cont\u00e1ctanos<\/h2><\/div>\n<\/div><\/div><\/div>\n<\/div><\/div>\n\n\n\n<div class=\"wp-block-stackable-columns alignfull stk-block-columns stk-block stk-86c2548\" data-block-id=\"86c2548\"><div class=\"stk-row stk-inner-blocks stk-block-content stk-content-align stk-86c2548-column\">\n<div class=\"wp-block-stackable-column stk-block-column stk-column stk-block stk-7a8c976\" data-v=\"4\" data-block-id=\"7a8c976\"><style>@media screen and (min-width:690px){.stk-7a8c976 {flex:var(--stk-flex-grow, 1) 1 calc(52% - var(--stk-column-gap, 0px) * 1 \/ 2 ) !important;}}<\/style><div class=\"stk-column-wrapper stk-block-column__content stk-container stk-7a8c976-container stk--no-background stk--no-padding\"><div class=\"stk-block-content stk-inner-blocks stk-7a8c976-inner-blocks\">\n<div class=\"wp-block-stackable-subtitle stk-block-subtitle stk-block stk-d762521 animated fadeInUp\" data-block-id=\"d762521\"><style>.stk-d762521 {padding-right:90px !important;}.stk-d762521 .stk-block-subtitle__text{font-size:20px !important;color:var(--theme-palette-color-4, #8b0000) !important;}@media screen and (max-width:999px){.stk-d762521 .stk-block-subtitle__text{font-size:20px !important;}}@media screen and (max-width:689px){.stk-d762521 {padding-top:0px !important;padding-right:0px !important;padding-bottom:0px !important;padding-left:0px !important;}.stk-d762521 .stk-block-subtitle__text{font-size:15px !important;}}<\/style><p class=\"stk-block-subtitle__text stk-subtitle has-text-color has-text-align-center has-text-align-center-mobile\"><strong>Estamos aqu\u00ed para responder a cualquier pregunta, proporcionar detalles sobre nuestros productos o ayudarte con tu pedido.<\/strong><\/p><\/div>\n\n\n\n\n\n<div class=\"wp-block-stackable-divider stk-block-divider has-text-align-left stk-block stk-b7a8e1d\" data-block-id=\"b7a8e1d\"><style>.stk-b7a8e1d hr.stk-block-divider__hr{background:var(--theme-palette-color-4, #8b0000) !important;}.stk-b7a8e1d {box-shadow:none !important;}<\/style><hr class=\"stk-block-divider__hr\"\/><\/div>\n\n\n\n<div class=\"wp-block-stackable-subtitle stk-block-subtitle stk-block stk-e941075 animated fadeInUp\" data-block-id=\"e941075\"><style>.stk-e941075 {margin-bottom:3px !important;}.stk-e941075 .stk-block-subtitle__text{font-size:20px !important;color:var(--theme-palette-color-4, #8b0000) !important;}@media screen and (max-width:999px){.stk-e941075 .stk-block-subtitle__text{font-size:20px !important;}}<\/style><p class=\"stk-block-subtitle__text stk-subtitle has-text-color has-text-align-left\"><strong>Env\u00edanos un Mensaje<\/strong><\/p><\/div>\n\n\n<div class=\"wpforms-container animated fadeInUp wpforms-block wpforms-block-e8988323-cf77-4852-99c0-35a1b33f35c9 wpforms-render-modern\" id=\"wpforms-396\"><form id=\"wpforms-form-396\" class=\"wpforms-validate wpforms-form wpforms-ajax-form\" data-formid=\"396\" method=\"post\" enctype=\"multipart\/form-data\" action=\"\/en\/wp-json\/wp\/v2\/pages\/27\" data-token=\"d58d4b890c1c9edc4a83754ea0510021\" data-token-time=\"1778595990\"><noscript class=\"wpforms-error-noscript\">Please enable JavaScript in your browser to complete this form.<\/noscript><div id=\"wpforms-error-noscript\" style=\"display: none;\">Please enable JavaScript in your browser to complete this form.<\/div><div class=\"wpforms-field-container\"><div id=\"wpforms-396-field_1-container\" class=\"wpforms-field wpforms-field-name\" data-field-id=\"1\"><fieldset><legend class=\"wpforms-field-label\">Nombre Completo <span class=\"wpforms-required-label\" aria-hidden=\"true\">*<\/span><\/legend><div class=\"wpforms-field-row wpforms-field-medium\"><div class=\"wpforms-field-row-block wpforms-first wpforms-one-half\"><input type=\"text\" id=\"wpforms-396-field_1\" class=\"wpforms-field-name-first wpforms-field-required\" name=\"wpforms[fields][1][first]\" aria-errormessage=\"wpforms-396-field_1-error\" required><label for=\"wpforms-396-field_1\" class=\"wpforms-field-sublabel after\">First<\/label><\/div><div class=\"wpforms-field-row-block wpforms-one-half\"><input type=\"text\" id=\"wpforms-396-field_1-last\" class=\"wpforms-field-name-last wpforms-field-required\" name=\"wpforms[fields][1][last]\" aria-errormessage=\"wpforms-396-field_1-last-error\" required><label for=\"wpforms-396-field_1-last\" class=\"wpforms-field-sublabel after\">Last<\/label><\/div><\/div><\/fieldset><\/div>\t\t<div id=\"wpforms-396-field_4-container\"\n\t\t\tclass=\"wpforms-field wpforms-field-text\"\n\t\t\tdata-field-type=\"text\"\n\t\t\tdata-field-id=\"4\"\n\t\t\t>\n\t\t\t<label class=\"wpforms-field-label\" for=\"wpforms-396-field_4\" >Completo electr\u00f3nico o<\/label>\n\t\t\t<input type=\"text\" id=\"wpforms-396-field_4\" class=\"wpforms-field-medium\" name=\"wpforms[fields][4]\" >\n\t\t<\/div>\n\t\t<div id=\"wpforms-396-field_2-container\" class=\"wpforms-field wpforms-field-email\" data-field-id=\"2\"><label class=\"wpforms-field-label\" for=\"wpforms-396-field_2\">Correo electr\u00f3nico <span class=\"wpforms-required-label\" aria-hidden=\"true\">*<\/span><\/label><input type=\"email\" id=\"wpforms-396-field_2\" class=\"wpforms-field-medium wpforms-field-required\" name=\"wpforms[fields][2]\" spellcheck=\"false\" aria-errormessage=\"wpforms-396-field_2-error\" required><\/div><div id=\"wpforms-396-field_3-container\" class=\"wpforms-field wpforms-field-textarea\" data-field-id=\"3\"><label class=\"wpforms-field-label\" for=\"wpforms-396-field_3\">Comentario o Mensaje<\/label><textarea id=\"wpforms-396-field_3\" class=\"wpforms-field-medium\" name=\"wpforms[fields][3]\" aria-errormessage=\"wpforms-396-field_3-error\" ><\/textarea><\/div><script>\n\t\t\t\t( function() {\n\t\t\t\t\tconst style = document.createElement( 'style' );\n\t\t\t\t\tstyle.appendChild( document.createTextNode( '#wpforms-396-field_4-container { position: absolute !important; overflow: hidden !important; display: inline !important; height: 1px !important; width: 1px !important; z-index: -1000 !important; padding: 0 !important; } #wpforms-396-field_4-container input { visibility: hidden; } #wpforms-conversational-form-page #wpforms-396-field_4-container label { counter-increment: none; }' ) );\n\t\t\t\t\tdocument.head.appendChild( style );\n\t\t\t\t\tdocument.currentScript?.remove();\n\t\t\t\t} )();\n\t\t\t<\/script><\/div><!-- .wpforms-field-container --><div class=\"wpforms-recaptcha-container wpforms-is-recaptcha wpforms-is-recaptcha-type-v3\" ><input type=\"hidden\" name=\"wpforms[recaptcha]\" value=\"\"><\/div><div class=\"wpforms-submit-container\" ><input type=\"hidden\" name=\"wpforms[id]\" value=\"396\"><input type=\"hidden\" name=\"page_title\" value=\"\"><input type=\"hidden\" name=\"page_url\" value=\"https:\/\/mezcal1250shop.com\/en\/wp-json\/wp\/v2\/pages\/27\"><input type=\"hidden\" name=\"url_referer\" value=\"\"><button type=\"submit\" name=\"wpforms[submit]\" id=\"wpforms-submit-396\" class=\"wpforms-submit\" data-alt-text=\"Enviando...\" data-submit-text=\"Enviar Mensaje\" aria-live=\"assertive\" value=\"wpforms-submit\">Enviar Mensaje<\/button><img loading=\"lazy\" decoding=\"async\" src=\"https:\/\/mezcal1250shop.com\/wp-content\/plugins\/wpforms-lite\/assets\/images\/submit-spin.svg\" class=\"wpforms-submit-spinner\" style=\"display: none;\" width=\"26\" height=\"26\" alt=\"Loading\"><\/div><\/form><\/div>  <!-- .wpforms-container --><\/div><\/div><\/div>\n\n\n\n<div class=\"wp-block-stackable-column stk-block-column stk-column stk-block stk-c55dd96\" data-v=\"4\" data-block-id=\"c55dd96\"><style>@media screen and (min-width:690px){.stk-c55dd96 {flex:var(--stk-flex-grow, 1) 1 calc(48% - var(--stk-column-gap, 0px) * 1 \/ 2 ) !important;}}<\/style><div class=\"stk-column-wrapper stk-block-column__content stk-container stk-c55dd96-container stk--no-background stk--no-padding\"><div class=\"has-text-align-left stk-block-content stk-inner-blocks stk-c55dd96-inner-blocks\">\n<div class=\"wp-block-stackable-subtitle stk-block-subtitle stk-block stk-1235b60 animated fadeInUp\" data-block-id=\"1235b60\"><style>.stk-1235b60 {margin-bottom:35px !important;}.stk-1235b60 .stk-block-subtitle__text{font-size:20px !important;color:var(--theme-palette-color-4, #8b0000) !important;}@media screen and (max-width:999px){.stk-1235b60 .stk-block-subtitle__text{font-size:20px !important;}}<\/style><p class=\"stk-block-subtitle__text stk-subtitle has-text-color has-text-align-center\"><strong>Vis\u00edtanos en Oaxaca<\/strong><\/p><\/div>\n\n\n\n<div class=\"wp-block-stackable-map stk-block-map stk-block stk-e19a377 animated fadeInUp\" data-block-id=\"e19a377\"><iframe\n\t\t\t\t\t\ttitle=\"Embedded content from Google Maps Platform.\"\n\t\t\t\t\t\tsrc=\"https:\/\/maps.google.com\/maps?q=Tlacolula de Matamoros, Oaxaca, Mexico&#038;t=&#038;z=12&#038;ie=UTF8&#038;output=embed\"\n\t\t\t\t\t\tstyle=\"border:0;width:100%;max-width:none;max-height:none;height:100%;\"\n\t\t\t\t\t\taria-hidden=\"false\"\n\t\t\t\t\t\ttabIndex=\"0\"\n\t\t\t\t\t\tallowfullscreen\n\t\t\t\t\t\tloading=\"lazy\"\n\t\t\t\t\t\tframeBorder=\"0\"\n\t\t\t\t\t><\/iframe><\/div>\n<\/div><\/div><\/div>\n<\/div><\/div>\n","protected":false},"excerpt":{"rendered":"<p>Contacta a Mezcal 1250: Preguntas, Pedidos y Consultas Cont\u00e1ctanos Estamos aqu\u00ed para responder a cualquier pregunta, proporcionar detalles sobre nuestros productos o ayudarte con tu pedido. Env\u00edanos un Mensaje Vis\u00edtanos en Oaxaca<\/p>","protected":false},"author":1,"featured_media":0,"parent":0,"menu_order":0,"comment_status":"closed","ping_status":"closed","template":"","meta":{"_uag_custom_page_level_css":"","footnotes":""},"class_list":["post-27","page","type-page","status-publish","hentry"],"blocksy_meta":{"vertical_spacing_source":"custom","content_area_spacing":"none","has_hero_section":"disabled","styles_descriptor":{"styles":{"desktop":"","tablet":"","mobile":""},"google_fonts":[],"version":6},"content_style_source":"inherit"},"uagb_featured_image_src":{"full":false,"thumbnail":false,"medium":false,"medium_large":false,"large":false,"1536x1536":false,"2048x2048":false,"trp-custom-language-flag":false,"woocommerce_archive_thumbnail":false,"woocommerce_thumbnail":false,"woocommerce_single":false,"woocommerce_gallery_thumbnail":false},"uagb_author_info":{"display_name":"nabil aljayyousi","author_link":"https:\/\/mezcal1250shop.com\/en\/author\/mezcal1250shopgmail-com\/"},"uagb_comment_info":0,"uagb_excerpt":"Contacta a Mezcal 1250: Preguntas, Pedidos y Consultas Cont\u00e1ctanos Estamos aqu\u00ed para responder a cualquier pregunta, proporcionar detalles sobre nuestros productos o ayudarte con tu pedido. Env\u00edanos un Mensaje Vis\u00edtanos en Oaxaca","jetpack_sharing_enabled":true,"_links":{"self":[{"href":"https:\/\/mezcal1250shop.com\/en\/wp-json\/wp\/v2\/pages\/27","targetHints":{"allow":["GET"]}}],"collection":[{"href":"https:\/\/mezcal1250shop.com\/en\/wp-json\/wp\/v2\/pages"}],"about":[{"href":"https:\/\/mezcal1250shop.com\/en\/wp-json\/wp\/v2\/types\/page"}],"author":[{"embeddable":true,"href":"https:\/\/mezcal1250shop.com\/en\/wp-json\/wp\/v2\/users\/1"}],"replies":[{"embeddable":true,"href":"https:\/\/mezcal1250shop.com\/en\/wp-json\/wp\/v2\/comments?post=27"}],"version-history":[{"count":53,"href":"https:\/\/mezcal1250shop.com\/en\/wp-json\/wp\/v2\/pages\/27\/revisions"}],"predecessor-version":[{"id":579,"href":"https:\/\/mezcal1250shop.com\/en\/wp-json\/wp\/v2\/pages\/27\/revisions\/579"}],"wp:attachment":[{"href":"https:\/\/mezcal1250shop.com\/en\/wp-json\/wp\/v2\/media?parent=27"}],"curies":[{"name":"wp","href":"https:\/\/api.w.org\/{rel}","templated":true}]}}